{"id":27,"date":"2024-08-20T18:28:47","date_gmt":"2024-08-20T21:28:47","guid":{"rendered":"https:\/\/ronaldorossi.com.br\/?page_id=27"},"modified":"2024-08-20T18:29:04","modified_gmt":"2024-08-20T21:29:04","slug":"services","status":"publish","type":"page","link":"https:\/\/ronaldorossi.com.br\/?page_id=27","title":{"rendered":"Services"},"content":{"rendered":"\n<div class=\"wp-block-uagb-container uagb-block-53143eea alignfull uagb-is-root-container\"><div class=\"uagb-container-inner-blocks-wrap\">\n<div class=\"wp-block-uagb-advanced-heading uagb-block-81d9eb95\"><h1 class=\"uagb-heading-text\">Nossos Servi\u00e7os<\/h1><\/div>\n<\/div><\/div>\n\n\n\n<div class=\"wp-block-uagb-container uagb-block-f04baead alignfull uagb-is-root-container\"><div class=\"uagb-container-inner-blocks-wrap\">\n<div class=\"wp-block-uagb-advanced-heading uagb-block-affbdc4d\"><h2 class=\"uagb-heading-text\">Principais Servi\u00e7os Oferecidos<\/h2><\/div>\n\n\n\n<div class=\"wp-block-uagb-advanced-heading uagb-block-27aa576e\"><p class=\"uagb-heading-text\">Conhe\u00e7a mais sobre os servi\u00e7os exclusivos que a Ronaldo Rossi oferece<\/p><\/div>\n<\/div><\/div>\n\n\n\n<div class=\"wp-block-uagb-container uagb-block-8e28b5ff alignfull uagb-is-root-container\"><div class=\"uagb-container-inner-blocks-wrap\">\n<div class=\"wp-block-uagb-container uagb-block-783788a4\">\n<div class=\"wp-block-uagb-container uagb-block-0e9a1a13\"><\/div>\n\n\n\n<div class=\"wp-block-uagb-container uagb-block-69c936b3\">\n<div class=\"wp-block-uagb-info-box uagb-block-1d86d59e uagb-infobox__content-wrap  uagb-infobox-icon-above-title uagb-infobox-image-valign-top\"><div class=\"uagb-ifb-content\"><div class=\"uagb-ifb-title-wrap\"><span class=\"uagb-ifb-title-prefix\">01.<\/span><h3 class=\"uagb-ifb-title\">Consultoria Culin\u00e1ria<\/h3><\/div><p class=\"uagb-ifb-desc\">Conte com nossa expertise em gastronomia para alavancar seu neg\u00f3cio com sucesso e inova\u00e7\u00e3o<\/p><\/div><\/div>\n<\/div>\n<\/div>\n\n\n\n<div class=\"wp-block-uagb-container uagb-block-d7d3cb99\">\n<div class=\"wp-block-uagb-container uagb-block-14154316\">\n<div class=\"wp-block-uagb-info-box uagb-block-9fd3c76b uagb-infobox__content-wrap  uagb-infobox-icon-above-title uagb-infobox-image-valign-top\"><div class=\"uagb-ifb-content\"><div class=\"uagb-ifb-title-wrap\"><span class=\"uagb-ifb-title-prefix\">02.<\/span><h3 class=\"uagb-ifb-title\">Workshops Gastron\u00f4micos<\/h3><\/div><p class=\"uagb-ifb-desc\">Participe de nossos workshops e aprimore suas habilidades na cozinha com dicas do Chef Ronaldo Rossi<\/p><\/div><\/div>\n<\/div>\n\n\n\n<div class=\"wp-block-uagb-container uagb-block-c504a03d\"><\/div>\n<\/div>\n\n\n\n<div class=\"wp-block-uagb-container uagb-block-1d57ecf8\">\n<div class=\"wp-block-uagb-container uagb-block-18ef6050\"><\/div>\n\n\n\n<div class=\"wp-block-uagb-container uagb-block-ab83b309\">\n<div class=\"wp-block-uagb-info-box uagb-block-d7d37903 uagb-infobox__content-wrap  uagb-infobox-icon-above-title uagb-infobox-image-valign-top\"><div class=\"uagb-ifb-content\"><div class=\"uagb-ifb-title-wrap\"><span class=\"uagb-ifb-title-prefix\">03.<\/span><h3 class=\"uagb-ifb-title\">Harmoniza\u00e7\u00e3o de Cervejas<\/h3><\/div><p class=\"uagb-ifb-desc\">Descubra a arte da harmoniza\u00e7\u00e3o de cervejas com pratos especiais criados pelo Chef Ronaldo Rossi<\/p><\/div><\/div>\n<\/div>\n<\/div>\n\n\n\n<div class=\"wp-block-uagb-container uagb-block-7707be5e\">\n<div class=\"wp-block-uagb-container uagb-block-46848bee\">\n<div class=\"wp-block-uagb-info-box uagb-block-908868c8 uagb-infobox__content-wrap  uagb-infobox-icon-above-title uagb-infobox-image-valign-top\"><div class=\"uagb-ifb-content\"><div class=\"uagb-ifb-title-wrap\"><span class=\"uagb-ifb-title-prefix\">04.<\/span><h3 class=\"uagb-ifb-title\">Livro de Receitas<\/h3><\/div><p class=\"uagb-ifb-desc\">Adquira o livro &#8216;Ronaldo Rossi botecando e harmonizando&#8217; e mergulhe no universo das receitas exclusivas e dicas de harmoniza\u00e7\u00e3o do Chef<\/p><\/div><\/div>\n<\/div>\n\n\n\n<div class=\"wp-block-uagb-container uagb-block-725261d2\"><\/div>\n<\/div>\n\n\n\n<div class=\"wp-block-uagb-container uagb-block-dc69bf80\">\n<div class=\"wp-block-uagb-container uagb-block-902a44fa\"><\/div>\n\n\n\n<div class=\"wp-block-uagb-container uagb-block-7d22a10e\">\n<div class=\"wp-block-uagb-info-box uagb-block-d638d511 uagb-infobox__content-wrap  uagb-infobox-icon-above-title uagb-infobox-image-valign-top\"><div class=\"uagb-ifb-content\"><div class=\"uagb-ifb-title-wrap\"><span class=\"uagb-ifb-title-prefix\">05.<\/span><h3 class=\"uagb-ifb-title\">Desenvolvimento de Card\u00e1pio<\/h3><\/div><p class=\"uagb-ifb-desc\">Transforme seu estabelecimento com um card\u00e1pio personalizado e inovador, desenvolvido pelo renomado Chef Ronaldo Rossi<\/p><\/div><\/div>\n<\/div>\n<\/div>\n<\/div><\/div>\n\n\n\n<div class=\"wp-block-uagb-container uagb-block-e8b26884 alignfull uagb-is-root-container\">\n<div class=\"wp-block-uagb-container uagb-block-f035f7e2\"><\/div>\n\n\n\n<div class=\"wp-block-uagb-container uagb-block-a7ee78f5\">\n<div class=\"wp-block-uagb-info-box uagb-block-94ca7599 uagb-infobox__content-wrap  uagb-infobox-icon-above-title uagb-infobox-image-valign-top\"><div class=\"uagb-ifb-content\"><div class=\"uagb-ifb-title-wrap\"><h2 class=\"uagb-ifb-title\">Fique por dentro<\/h2><\/div><p class=\"uagb-ifb-desc\">Assine nossa newsletter para receber novidades, receitas exclusivas e eventos especiais por Ronaldo Rossi.<\/p><\/div><\/div>\n\n\n\n<div class=\"wp-block-uagb-buttons uagb-buttons__outer-wrap uagb-btn__default-btn uagb-btn-tablet__default-btn uagb-btn-mobile__default-btn uagb-block-5c1b0411\"><div class=\"uagb-buttons__wrap uagb-buttons-layout-wrap \">\n<div class=\"wp-block-uagb-buttons-child uagb-buttons__outer-wrap uagb-block-8ee1fc8d wp-block-button\"><div class=\"uagb-button__wrapper\"><a class=\"uagb-buttons-repeater wp-block-button__link\" aria-label=\"\" href=\"\/contact\/\" rel=\"follow noopener\" target=\"_self\"><div class=\"uagb-button__link\">Agende agora<\/div><\/a><\/div><\/div>\n<\/div><\/div>\n<\/div>\n<\/div>\n","protected":false},"excerpt":{"rendered":"","protected":false},"author":2,"featured_media":0,"parent":0,"menu_order":0,"comment_status":"closed","ping_status":"closed","template":"","meta":{"site-sidebar-layout":"default","site-content-layout":"page-builder","ast-site-content-layout":"full-width-container","site-content-style":"unboxed","site-sidebar-style":"unboxed","ast-global-header-display":"","ast-banner-title-visibility":"","ast-main-header-display":"","ast-hfb-above-header-display":"","ast-hfb-below-header-display":"","ast-hfb-mobile-header-display":"","site-post-title":"disabled","ast-breadcrumbs-content":"","ast-featured-img":"","footer-sml-layout":"","theme-transparent-header-meta":"enabled","adv-header-id-meta":"","stick-header-meta":"","header-above-stick-meta":"","header-main-stick-meta":"","header-below-stick-meta":"","astra-migrate-meta-layouts":"set","ast-page-background-enabled":"default","ast-page-background-meta":{"desktop":{"background-color":"var(--ast-global-color-4)","background-image":"","background-repeat":"repeat","background-position":"center center","background-size":"auto","background-attachment":"scroll","background-type":"","background-media":"","overlay-type":"","overlay-color":"","overlay-opacity":"","overlay-gradient":""},"tablet":{"background-color":"","background-image":"","background-repeat":"repeat","background-position":"center center","background-size":"auto","background-attachment":"scroll","background-type":"","background-media":"","overlay-type":"","overlay-color":"","overlay-opacity":"","overlay-gradient":""},"mobile":{"background-color":"","background-image":"","background-repeat":"repeat","background-position":"center center","background-size":"auto","background-attachment":"scroll","background-type":"","background-media":"","overlay-type":"","overlay-color":"","overlay-opacity":"","overlay-gradient":""}},"ast-content-background-meta":{"desktop":{"background-color":"var(--ast-global-color-5)","background-image":"","background-repeat":"repeat","background-position":"center center","background-size":"auto","background-attachment":"scroll","background-type":"","background-media":"","overlay-type":"","overlay-color":"","overlay-opacity":"","overlay-gradient":""},"tablet":{"background-color":"var(--ast-global-color-5)","background-image":"","background-repeat":"repeat","background-position":"center center","background-size":"auto","background-attachment":"scroll","background-type":"","background-media":"","overlay-type":"","overlay-color":"","overlay-opacity":"","overlay-gradient":""},"mobile":{"background-color":"var(--ast-global-color-5)","background-image":"","background-repeat":"repeat","background-position":"center center","background-size":"auto","background-attachment":"scroll","background-type":"","background-media":"","overlay-type":"","overlay-color":"","overlay-opacity":"","overlay-gradient":""}},"footnotes":""},"class_list":["post-27","page","type-page","status-publish","hentry"],"yoast_head":"<!-- This site is optimized with the Yoast SEO plugin v25.6 - https:\/\/yoast.com\/wordpress\/plugins\/seo\/ -->\n<title>Services - Ronaldo Rossi<\/title>\n<meta name=\"robots\" content=\"index, follow, max-snippet:-1, max-image-preview:large, max-video-preview:-1\" \/>\n<link rel=\"canonical\" href=\"https:\/\/ronaldorossi.com.br\/?page_id=27\" \/>\n<meta property=\"og:locale\" content=\"pt_BR\" \/>\n<meta property=\"og:type\" content=\"article\" \/>\n<meta property=\"og:title\" content=\"Services - Ronaldo Rossi\" \/>\n<meta property=\"og:url\" content=\"https:\/\/ronaldorossi.com.br\/?page_id=27\" \/>\n<meta property=\"og:site_name\" content=\"Ronaldo Rossi\" \/>\n<meta property=\"article:modified_time\" content=\"2024-08-20T21:29:04+00:00\" \/>\n<meta name=\"twitter:card\" content=\"summary_large_image\" \/>\n<meta name=\"twitter:label1\" content=\"Est. tempo de leitura\" \/>\n\t<meta name=\"twitter:data1\" content=\"1 minuto\" \/>\n<script type=\"application\/ld+json\" class=\"yoast-schema-graph\">{\"@context\":\"https:\/\/schema.org\",\"@graph\":[{\"@type\":\"WebPage\",\"@id\":\"https:\/\/ronaldorossi.com.br\/?page_id=27\",\"url\":\"https:\/\/ronaldorossi.com.br\/?page_id=27\",\"name\":\"Services - Ronaldo Rossi\",\"isPartOf\":{\"@id\":\"https:\/\/ronaldorossi.com.br\/#website\"},\"datePublished\":\"2024-08-20T21:28:47+00:00\",\"dateModified\":\"2024-08-20T21:29:04+00:00\",\"breadcrumb\":{\"@id\":\"https:\/\/ronaldorossi.com.br\/?page_id=27#breadcrumb\"},\"inLanguage\":\"pt-BR\",\"potentialAction\":[{\"@type\":\"ReadAction\",\"target\":[\"https:\/\/ronaldorossi.com.br\/?page_id=27\"]}]},{\"@type\":\"BreadcrumbList\",\"@id\":\"https:\/\/ronaldorossi.com.br\/?page_id=27#breadcrumb\",\"itemListElement\":[{\"@type\":\"ListItem\",\"position\":1,\"name\":\"In\u00edcio\",\"item\":\"https:\/\/ronaldorossi.com.br\/\"},{\"@type\":\"ListItem\",\"position\":2,\"name\":\"Services\"}]},{\"@type\":\"WebSite\",\"@id\":\"https:\/\/ronaldorossi.com.br\/#website\",\"url\":\"https:\/\/ronaldorossi.com.br\/\",\"name\":\"Ronaldo Rossi\",\"description\":\"\",\"publisher\":{\"@id\":\"https:\/\/ronaldorossi.com.br\/#organization\"},\"potentialAction\":[{\"@type\":\"SearchAction\",\"target\":{\"@type\":\"EntryPoint\",\"urlTemplate\":\"https:\/\/ronaldorossi.com.br\/?s={search_term_string}\"},\"query-input\":{\"@type\":\"PropertyValueSpecification\",\"valueRequired\":true,\"valueName\":\"search_term_string\"}}],\"inLanguage\":\"pt-BR\"},{\"@type\":\"Organization\",\"@id\":\"https:\/\/ronaldorossi.com.br\/#organization\",\"name\":\"Ronaldo Rossi\",\"url\":\"https:\/\/ronaldorossi.com.br\/\",\"logo\":{\"@type\":\"ImageObject\",\"inLanguage\":\"pt-BR\",\"@id\":\"https:\/\/ronaldorossi.com.br\/#\/schema\/logo\/image\/\",\"url\":\"https:\/\/ronaldorossi.com.br\/wp-content\/uploads\/2025\/08\/logo-chef-ronaldo-rossi-gastronomia-sem-frescura.jpg\",\"contentUrl\":\"https:\/\/ronaldorossi.com.br\/wp-content\/uploads\/2025\/08\/logo-chef-ronaldo-rossi-gastronomia-sem-frescura.jpg\",\"width\":1200,\"height\":1200,\"caption\":\"Ronaldo Rossi\"},\"image\":{\"@id\":\"https:\/\/ronaldorossi.com.br\/#\/schema\/logo\/image\/\"},\"sameAs\":[\"https:\/\/www.instagram.com\/chefronaldorossi\/\"]}]}<\/script>\n<!-- \/ Yoast SEO plugin. -->","yoast_head_json":{"title":"Services - Ronaldo Rossi","robots":{"index":"index","follow":"follow","max-snippet":"max-snippet:-1","max-image-preview":"max-image-preview:large","max-video-preview":"max-video-preview:-1"},"canonical":"https:\/\/ronaldorossi.com.br\/?page_id=27","og_locale":"pt_BR","og_type":"article","og_title":"Services - Ronaldo Rossi","og_url":"https:\/\/ronaldorossi.com.br\/?page_id=27","og_site_name":"Ronaldo Rossi","article_modified_time":"2024-08-20T21:29:04+00:00","twitter_card":"summary_large_image","twitter_misc":{"Est. tempo de leitura":"1 minuto"},"schema":{"@context":"https:\/\/schema.org","@graph":[{"@type":"WebPage","@id":"https:\/\/ronaldorossi.com.br\/?page_id=27","url":"https:\/\/ronaldorossi.com.br\/?page_id=27","name":"Services - Ronaldo Rossi","isPartOf":{"@id":"https:\/\/ronaldorossi.com.br\/#website"},"datePublished":"2024-08-20T21:28:47+00:00","dateModified":"2024-08-20T21:29:04+00:00","breadcrumb":{"@id":"https:\/\/ronaldorossi.com.br\/?page_id=27#breadcrumb"},"inLanguage":"pt-BR","potentialAction":[{"@type":"ReadAction","target":["https:\/\/ronaldorossi.com.br\/?page_id=27"]}]},{"@type":"BreadcrumbList","@id":"https:\/\/ronaldorossi.com.br\/?page_id=27#breadcrumb","itemListElement":[{"@type":"ListItem","position":1,"name":"In\u00edcio","item":"https:\/\/ronaldorossi.com.br\/"},{"@type":"ListItem","position":2,"name":"Services"}]},{"@type":"WebSite","@id":"https:\/\/ronaldorossi.com.br\/#website","url":"https:\/\/ronaldorossi.com.br\/","name":"Ronaldo Rossi","description":"","publisher":{"@id":"https:\/\/ronaldorossi.com.br\/#organization"},"potentialAction":[{"@type":"SearchAction","target":{"@type":"EntryPoint","urlTemplate":"https:\/\/ronaldorossi.com.br\/?s={search_term_string}"},"query-input":{"@type":"PropertyValueSpecification","valueRequired":true,"valueName":"search_term_string"}}],"inLanguage":"pt-BR"},{"@type":"Organization","@id":"https:\/\/ronaldorossi.com.br\/#organization","name":"Ronaldo Rossi","url":"https:\/\/ronaldorossi.com.br\/","logo":{"@type":"ImageObject","inLanguage":"pt-BR","@id":"https:\/\/ronaldorossi.com.br\/#\/schema\/logo\/image\/","url":"https:\/\/ronaldorossi.com.br\/wp-content\/uploads\/2025\/08\/logo-chef-ronaldo-rossi-gastronomia-sem-frescura.jpg","contentUrl":"https:\/\/ronaldorossi.com.br\/wp-content\/uploads\/2025\/08\/logo-chef-ronaldo-rossi-gastronomia-sem-frescura.jpg","width":1200,"height":1200,"caption":"Ronaldo Rossi"},"image":{"@id":"https:\/\/ronaldorossi.com.br\/#\/schema\/logo\/image\/"},"sameAs":["https:\/\/www.instagram.com\/chefronaldorossi\/"]}]}},"_links":{"self":[{"href":"https:\/\/ronaldorossi.com.br\/index.php?rest_route=\/wp\/v2\/pages\/27","targetHints":{"allow":["GET"]}}],"collection":[{"href":"https:\/\/ronaldorossi.com.br\/index.php?rest_route=\/wp\/v2\/pages"}],"about":[{"href":"https:\/\/ronaldorossi.com.br\/index.php?rest_route=\/wp\/v2\/types\/page"}],"author":[{"embeddable":true,"href":"https:\/\/ronaldorossi.com.br\/index.php?rest_route=\/wp\/v2\/users\/2"}],"replies":[{"embeddable":true,"href":"https:\/\/ronaldorossi.com.br\/index.php?rest_route=%2Fwp%2Fv2%2Fcomments&post=27"}],"version-history":[{"count":2,"href":"https:\/\/ronaldorossi.com.br\/index.php?rest_route=\/wp\/v2\/pages\/27\/revisions"}],"predecessor-version":[{"id":1387,"href":"https:\/\/ronaldorossi.com.br\/index.php?rest_route=\/wp\/v2\/pages\/27\/revisions\/1387"}],"wp:attachment":[{"href":"https:\/\/ronaldorossi.com.br\/index.php?rest_route=%2Fwp%2Fv2%2Fmedia&parent=27"}],"curies":[{"name":"wp","href":"https:\/\/api.w.org\/{rel}","templated":true}]}}